{"id":2329,"date":"2024-02-14T17:35:13","date_gmt":"2024-02-14T17:35:13","guid":{"rendered":"https:\/\/tuftingfreak.com\/?post_type=product&#038;p=2329"},"modified":"2025-02-10T13:06:13","modified_gmt":"2025-02-10T13:06:13","slug":"cojin-jack","status":"publish","type":"product","link":"https:\/\/tuftingfreak.com\/index.php\/producto\/cojin-jack\/","title":{"rendered":"Jack"},"content":{"rendered":"","protected":false},"excerpt":{"rendered":"<p>Os traemos el coj\u00edn exclusivo del carism\u00e1tico protagonista de &#8216;Pesadilla antes de Navidad&#8217; de Tim Burton. Perfecto para los amantes del universo Burtoniano, este coj\u00edn es m\u00e1s que un simple accesorio de decoraci\u00f3n, es una declaraci\u00f3n de amor por lo macabro y lo extraordinario<\/p>\n","protected":false},"featured_media":2334,"template":"","meta":[],"product_brand":[],"product_cat":[15],"product_tag":[],"class_list":{"0":"post-2329","1":"product","2":"type-product","3":"status-publish","4":"has-post-thumbnail","6":"product_cat-sin-categorizar","8":"first","9":"instock","10":"featured","11":"taxable","12":"shipping-taxable","13":"purchasable","14":"product-type-simple"},"yoast_head":"<!-- This site is optimized with the Yoast SEO plugin v27.4 - https:\/\/yoast.com\/product\/yoast-seo-wordpress\/ -->\n<title>Jack -<\/title>\n<meta name=\"robots\" content=\"index, follow, max-snippet:-1, max-image-preview:large, max-video-preview:-1\" \/>\n<link rel=\"canonical\" href=\"https:\/\/tuftingfreak.com\/index.php\/producto\/cojin-jack\/\" \/>\n<meta property=\"og:locale\" content=\"es_ES\" \/>\n<meta property=\"og:type\" content=\"article\" \/>\n<meta property=\"og:title\" content=\"Jack -\" \/>\n<meta property=\"og:description\" content=\"Os traemos el coj\u00edn exclusivo del carism\u00e1tico protagonista de &#039;Pesadilla antes de Navidad&#039; de Tim Burton. Perfecto para los amantes del universo Burtoniano, este coj\u00edn es m\u00e1s que un simple accesorio de decoraci\u00f3n, es una declaraci\u00f3n de amor por lo macabro y lo extraordinario\" \/>\n<meta property=\"og:url\" content=\"https:\/\/tuftingfreak.com\/index.php\/producto\/cojin-jack\/\" \/>\n<meta property=\"og:site_name\" content=\"Tufting Freak\" \/>\n<meta property=\"article:publisher\" content=\"https:\/\/www.facebook.com\/tuftingfreak\" \/>\n<meta property=\"article:modified_time\" content=\"2025-02-10T13:06:13+00:00\" \/>\n<meta property=\"og:image\" content=\"https:\/\/tuftingfreak.com\/wp-content\/uploads\/2024\/02\/IMG20240214180039.png\" \/>\n\t<meta property=\"og:image:width\" content=\"768\" \/>\n\t<meta property=\"og:image:height\" content=\"1024\" \/>\n\t<meta property=\"og:image:type\" content=\"image\/png\" \/>\n<meta name=\"twitter:card\" content=\"summary_large_image\" \/>\n<meta name=\"twitter:site\" content=\"@TuftingFreak\" \/>\n<meta name=\"twitter:label1\" content=\"Tiempo de lectura\" \/>\n\t<meta name=\"twitter:data1\" content=\"1 minuto\" \/>\n<script type=\"application\/ld+json\" class=\"yoast-schema-graph\">{\"@context\":\"https:\\\/\\\/schema.org\",\"@graph\":[{\"@type\":\"WebPage\",\"@id\":\"https:\\\/\\\/tuftingfreak.com\\\/index.php\\\/producto\\\/cojin-jack\\\/\",\"url\":\"https:\\\/\\\/tuftingfreak.com\\\/index.php\\\/producto\\\/cojin-jack\\\/\",\"name\":\"Jack -\",\"isPartOf\":{\"@id\":\"https:\\\/\\\/tuftingfreak.com\\\/#website\"},\"primaryImageOfPage\":{\"@id\":\"https:\\\/\\\/tuftingfreak.com\\\/index.php\\\/producto\\\/cojin-jack\\\/#primaryimage\"},\"image\":{\"@id\":\"https:\\\/\\\/tuftingfreak.com\\\/index.php\\\/producto\\\/cojin-jack\\\/#primaryimage\"},\"thumbnailUrl\":\"https:\\\/\\\/tuftingfreak.com\\\/wp-content\\\/uploads\\\/2024\\\/02\\\/IMG20240214180039.png\",\"datePublished\":\"2024-02-14T17:35:13+00:00\",\"dateModified\":\"2025-02-10T13:06:13+00:00\",\"breadcrumb\":{\"@id\":\"https:\\\/\\\/tuftingfreak.com\\\/index.php\\\/producto\\\/cojin-jack\\\/#breadcrumb\"},\"inLanguage\":\"es\",\"potentialAction\":[{\"@type\":\"ReadAction\",\"target\":[\"https:\\\/\\\/tuftingfreak.com\\\/index.php\\\/producto\\\/cojin-jack\\\/\"]}]},{\"@type\":\"ImageObject\",\"inLanguage\":\"es\",\"@id\":\"https:\\\/\\\/tuftingfreak.com\\\/index.php\\\/producto\\\/cojin-jack\\\/#primaryimage\",\"url\":\"https:\\\/\\\/tuftingfreak.com\\\/wp-content\\\/uploads\\\/2024\\\/02\\\/IMG20240214180039.png\",\"contentUrl\":\"https:\\\/\\\/tuftingfreak.com\\\/wp-content\\\/uploads\\\/2024\\\/02\\\/IMG20240214180039.png\",\"width\":768,\"height\":1024},{\"@type\":\"BreadcrumbList\",\"@id\":\"https:\\\/\\\/tuftingfreak.com\\\/index.php\\\/producto\\\/cojin-jack\\\/#breadcrumb\",\"itemListElement\":[{\"@type\":\"ListItem\",\"position\":1,\"name\":\"Portada\",\"item\":\"https:\\\/\\\/tuftingfreak.com\\\/\"},{\"@type\":\"ListItem\",\"position\":2,\"name\":\"Cat\u00e1logo\",\"item\":\"https:\\\/\\\/tuftingfreak.com\\\/?page_id=980\"},{\"@type\":\"ListItem\",\"position\":3,\"name\":\"Jack\"}]},{\"@type\":\"WebSite\",\"@id\":\"https:\\\/\\\/tuftingfreak.com\\\/#website\",\"url\":\"https:\\\/\\\/tuftingfreak.com\\\/\",\"name\":\"Tufting Freak\",\"description\":\"Personalizaci&oacute;n con tufting\",\"publisher\":{\"@id\":\"https:\\\/\\\/tuftingfreak.com\\\/#organization\"},\"alternateName\":\"Tufting Freak\",\"potentialAction\":[{\"@type\":\"SearchAction\",\"target\":{\"@type\":\"EntryPoint\",\"urlTemplate\":\"https:\\\/\\\/tuftingfreak.com\\\/?s={search_term_string}\"},\"query-input\":{\"@type\":\"PropertyValueSpecification\",\"valueRequired\":true,\"valueName\":\"search_term_string\"}}],\"inLanguage\":\"es\"},{\"@type\":\"Organization\",\"@id\":\"https:\\\/\\\/tuftingfreak.com\\\/#organization\",\"name\":\"Tufting Freak\",\"alternateName\":\"TuftingFreak\",\"url\":\"https:\\\/\\\/tuftingfreak.com\\\/\",\"logo\":{\"@type\":\"ImageObject\",\"inLanguage\":\"es\",\"@id\":\"https:\\\/\\\/tuftingfreak.com\\\/#\\\/schema\\\/logo\\\/image\\\/\",\"url\":\"https:\\\/\\\/tuftingfreak.com\\\/wp-content\\\/uploads\\\/2023\\\/10\\\/logo.png\",\"contentUrl\":\"https:\\\/\\\/tuftingfreak.com\\\/wp-content\\\/uploads\\\/2023\\\/10\\\/logo.png\",\"width\":284,\"height\":249,\"caption\":\"Tufting Freak\"},\"image\":{\"@id\":\"https:\\\/\\\/tuftingfreak.com\\\/#\\\/schema\\\/logo\\\/image\\\/\"},\"sameAs\":[\"https:\\\/\\\/www.facebook.com\\\/tuftingfreak\",\"https:\\\/\\\/x.com\\\/TuftingFreak\",\"https:\\\/\\\/www.instagram.com\\\/tuftingfreak?igsh=MWRtdjdxYTlxeHBpcw==\",\"https:\\\/\\\/www.tiktok.com\\\/@tuftingfreak?_t=8jkELbwt4ld&_r=1\",\"https:\\\/\\\/www.pinterest.es\\\/tuftingfreak\"]}]}<\/script>\n<!-- \/ Yoast SEO plugin. -->","yoast_head_json":{"title":"Jack -","robots":{"index":"index","follow":"follow","max-snippet":"max-snippet:-1","max-image-preview":"max-image-preview:large","max-video-preview":"max-video-preview:-1"},"canonical":"https:\/\/tuftingfreak.com\/index.php\/producto\/cojin-jack\/","og_locale":"es_ES","og_type":"article","og_title":"Jack -","og_description":"Os traemos el coj\u00edn exclusivo del carism\u00e1tico protagonista de 'Pesadilla antes de Navidad' de Tim Burton. Perfecto para los amantes del universo Burtoniano, este coj\u00edn es m\u00e1s que un simple accesorio de decoraci\u00f3n, es una declaraci\u00f3n de amor por lo macabro y lo extraordinario","og_url":"https:\/\/tuftingfreak.com\/index.php\/producto\/cojin-jack\/","og_site_name":"Tufting Freak","article_publisher":"https:\/\/www.facebook.com\/tuftingfreak","article_modified_time":"2025-02-10T13:06:13+00:00","og_image":[{"width":768,"height":1024,"url":"https:\/\/tuftingfreak.com\/wp-content\/uploads\/2024\/02\/IMG20240214180039.png","type":"image\/png"}],"twitter_card":"summary_large_image","twitter_site":"@TuftingFreak","twitter_misc":{"Tiempo de lectura":"1 minuto"},"schema":{"@context":"https:\/\/schema.org","@graph":[{"@type":"WebPage","@id":"https:\/\/tuftingfreak.com\/index.php\/producto\/cojin-jack\/","url":"https:\/\/tuftingfreak.com\/index.php\/producto\/cojin-jack\/","name":"Jack -","isPartOf":{"@id":"https:\/\/tuftingfreak.com\/#website"},"primaryImageOfPage":{"@id":"https:\/\/tuftingfreak.com\/index.php\/producto\/cojin-jack\/#primaryimage"},"image":{"@id":"https:\/\/tuftingfreak.com\/index.php\/producto\/cojin-jack\/#primaryimage"},"thumbnailUrl":"https:\/\/tuftingfreak.com\/wp-content\/uploads\/2024\/02\/IMG20240214180039.png","datePublished":"2024-02-14T17:35:13+00:00","dateModified":"2025-02-10T13:06:13+00:00","breadcrumb":{"@id":"https:\/\/tuftingfreak.com\/index.php\/producto\/cojin-jack\/#breadcrumb"},"inLanguage":"es","potentialAction":[{"@type":"ReadAction","target":["https:\/\/tuftingfreak.com\/index.php\/producto\/cojin-jack\/"]}]},{"@type":"ImageObject","inLanguage":"es","@id":"https:\/\/tuftingfreak.com\/index.php\/producto\/cojin-jack\/#primaryimage","url":"https:\/\/tuftingfreak.com\/wp-content\/uploads\/2024\/02\/IMG20240214180039.png","contentUrl":"https:\/\/tuftingfreak.com\/wp-content\/uploads\/2024\/02\/IMG20240214180039.png","width":768,"height":1024},{"@type":"BreadcrumbList","@id":"https:\/\/tuftingfreak.com\/index.php\/producto\/cojin-jack\/#breadcrumb","itemListElement":[{"@type":"ListItem","position":1,"name":"Portada","item":"https:\/\/tuftingfreak.com\/"},{"@type":"ListItem","position":2,"name":"Cat\u00e1logo","item":"https:\/\/tuftingfreak.com\/?page_id=980"},{"@type":"ListItem","position":3,"name":"Jack"}]},{"@type":"WebSite","@id":"https:\/\/tuftingfreak.com\/#website","url":"https:\/\/tuftingfreak.com\/","name":"Tufting Freak","description":"Personalizaci&oacute;n con tufting","publisher":{"@id":"https:\/\/tuftingfreak.com\/#organization"},"alternateName":"Tufting Freak","potentialAction":[{"@type":"SearchAction","target":{"@type":"EntryPoint","urlTemplate":"https:\/\/tuftingfreak.com\/?s={search_term_string}"},"query-input":{"@type":"PropertyValueSpecification","valueRequired":true,"valueName":"search_term_string"}}],"inLanguage":"es"},{"@type":"Organization","@id":"https:\/\/tuftingfreak.com\/#organization","name":"Tufting Freak","alternateName":"TuftingFreak","url":"https:\/\/tuftingfreak.com\/","logo":{"@type":"ImageObject","inLanguage":"es","@id":"https:\/\/tuftingfreak.com\/#\/schema\/logo\/image\/","url":"https:\/\/tuftingfreak.com\/wp-content\/uploads\/2023\/10\/logo.png","contentUrl":"https:\/\/tuftingfreak.com\/wp-content\/uploads\/2023\/10\/logo.png","width":284,"height":249,"caption":"Tufting Freak"},"image":{"@id":"https:\/\/tuftingfreak.com\/#\/schema\/logo\/image\/"},"sameAs":["https:\/\/www.facebook.com\/tuftingfreak","https:\/\/x.com\/TuftingFreak","https:\/\/www.instagram.com\/tuftingfreak?igsh=MWRtdjdxYTlxeHBpcw==","https:\/\/www.tiktok.com\/@tuftingfreak?_t=8jkELbwt4ld&_r=1","https:\/\/www.pinterest.es\/tuftingfreak"]}]}},"jetpack_sharing_enabled":true,"_links":{"self":[{"href":"https:\/\/tuftingfreak.com\/index.php\/wp-json\/wp\/v2\/product\/2329","targetHints":{"allow":["GET"]}}],"collection":[{"href":"https:\/\/tuftingfreak.com\/index.php\/wp-json\/wp\/v2\/product"}],"about":[{"href":"https:\/\/tuftingfreak.com\/index.php\/wp-json\/wp\/v2\/types\/product"}],"wp:featuredmedia":[{"embeddable":true,"href":"https:\/\/tuftingfreak.com\/index.php\/wp-json\/wp\/v2\/media\/2334"}],"wp:attachment":[{"href":"https:\/\/tuftingfreak.com\/index.php\/wp-json\/wp\/v2\/media?parent=2329"}],"wp:term":[{"taxonomy":"product_brand","embeddable":true,"href":"https:\/\/tuftingfreak.com\/index.php\/wp-json\/wp\/v2\/product_brand?post=2329"},{"taxonomy":"product_cat","embeddable":true,"href":"https:\/\/tuftingfreak.com\/index.php\/wp-json\/wp\/v2\/product_cat?post=2329"},{"taxonomy":"product_tag","embeddable":true,"href":"https:\/\/tuftingfreak.com\/index.php\/wp-json\/wp\/v2\/product_tag?post=2329"}],"curies":[{"name":"wp","href":"https:\/\/api.w.org\/{rel}","templated":true}]}}