{"id":1123,"date":"2023-06-01T11:53:20","date_gmt":"2023-06-01T11:53:20","guid":{"rendered":"http:\/\/localhost\/wordpress\/?page_id=1123"},"modified":"2023-06-01T20:15:23","modified_gmt":"2023-06-01T20:15:23","slug":"aviso-legal","status":"publish","type":"page","link":"https:\/\/tuftingfreak.com\/index.php\/aviso-legal\/","title":{"rendered":"Aviso Legal"},"content":{"rendered":"\n<h2>Identificaci\u00f3n y Titularidad<\/h2>\n\n<p>\n\t\tEn cumplimiento del art\u00edculo 10 de la Ley 34\/2002, de 11 de julio, de Servicios de la Sociedad de la Informaci\u00f3n y Comercio Electr\u00f3nico, el Titular expone sus datos identificativos:\n<\/p>\n\n<p>\n\t<ul>\t\t\n\t\t<li>\n\t\t\t<b>Titular:<\/b>&nbsp;\t\t\n\t\t\tTufting Freak.\n\t\t\t\n\t\t<\/li>\n\t\t\n\t\t<li>\n\t\t\t<b>NIF:<\/b>&nbsp;50235721H\n\t\t\t\n\t\t<\/li>\n\n\n\t\t<li>\n\t\t\t<b>Domicilio:<\/b>&nbsp;\n\t\t\t C\/Marcelina 9B,  Madrid - Espa\u00f1a.\n\t\t<\/li>\n\t\t\n\t\t<li>\n\t\t\t<b>Correo electr\u00f3nico:<\/b>&nbsp;\n\t\t\tInfo@tuftingfreak.com\n\t\t<\/li>\n\t\t\n\t\t<li>\n\t\t\t<b>Tel\u00e9fono de contacto:<\/b>&nbsp;\n\t\t\t638891052\n\t\t<\/li>\n\n\t\t<li>\n\t\t\t<b>Sitio Web:<\/b>&nbsp;\n\t\t\t<a href=\"https:\/\/tuftingfreak.com\">https:\/\/tuftingfreak.com<\/a>\n\t\t<\/li>\n\t<\/ul>\n<\/p>\n\n<h2>Finalidad<\/h2>\n<p>\n\tLa finalidad del Sitio Web es: Personalizamos con tufting.\t\n<\/p>\n\n\n<h2>Condiciones de Uso<\/h2>\n<p>\n\tLa utilizaci\u00f3n del Sitio Web le otorga la condici\u00f3n de Usuario, e implica la aceptaci\u00f3n completa de todas las cl\u00e1usulas y condiciones de uso incluidas en las p\u00e1ginas:\n\t<ul>\t\t\n\t\t<li><a href=\"https:\/\/tuftingfreak.com\/index.php\/aviso-legal\/\">Aviso Legal<\/a><\/li>\n\t\t<li><a href=\"https:\/\/tuftingfreak.com\/index.php\/politica-privacidad\/\">Pol\u00edtica de Privacidad<\/a><\/li>\n\t\t<li><a href=\"https:\/\/tuftingfreak.com\/index.php\/politica-de-cookies\/\">Pol\u00edtica de Cookies<\/a><\/li>\n\t<\/ul>\t\n<\/p>\n\n<p>\n\tSi no estuviera conforme con todas y cada una de estas cl\u00e1usulas y condiciones abst\u00e9ngase de utilizar el Sitio Web.\n<\/p>\n\n<p>\t\n\tEl acceso al Sitio Web no supone, en modo alguno, el inicio de una relaci\u00f3n comercial con el Titular.\n<\/p>\n\n<p>\t\n\tA trav\u00e9s del Sitio Web, el Titular le facilita el acceso y la utilizaci\u00f3n de diversos contenidos que el Titular y\/o sus colaboradores han publicado por medio de Internet.\n<\/p>\n\n<p>\n\tA tal efecto, est\u00e1 obligado y comprometido a NO utilizar cualquiera de los contenidos del Sitio Web con fines o efectos il\u00edcitos, prohibidos en este Aviso Legal o por la legislaci\u00f3n vigente, lesivos de los derechos e intereses de terceros, o que de cualquier forma puedan da\u00f1ar, inutilizar, sobrecargar, deteriorar o impedir la normal utilizaci\u00f3n de los contenidos, los equipos inform\u00e1ticos o los documentos, archivos y toda clase de contenidos almacenados en cualquier equipo inform\u00e1tico propios o contratados por el Titular, de otros usuarios o de cualquier usuario de Internet.\n<\/p>\n\n\n\n\n\n\n<h2>Medidas de seguridad<\/h2>\n<p>\n\tLos datos personales que facilite al Titular pueden ser almacenados en bases de datos automatizadas o no, cuya titularidad corresponde en exclusiva al Titular, que asume todas las medidas de \u00edndole t\u00e9cnica, organizativa y de seguridad que garantizan la confidencialidad, integridad y calidad de la informaci\u00f3n contenida en las mismas de acuerdo con lo establecido en la normativa vigente en protecci\u00f3n de datos.\n<\/p>\n<p>\n\tNo obstante, debe ser consciente de que las medidas de seguridad de los sistemas inform\u00e1ticos en Internet no son enteramente fiables y que, por tanto el Titular no puede garantizar la inexistencia de virus u otros elementos que puedan producir alteraciones en los sistemas inform\u00e1ticos (software y hardware) del Usuario o en sus documentos electr\u00f3nicos y ficheros contenidos en los mismos aunque el Titular pone todos los medios necesarios y toma las medidas de seguridad oportunas para evitar la presencia de estos elementos da\u00f1inos.\n<\/p>\n\n\n<h2>Tratamiento de Datos Personales<\/h2>\n<p>\t\n\tPuede consultar toda la informaci\u00f3n relativa al tratamiento de datos personales que recoge el Titular en la p\u00e1gina de  <a href=\"https:\/\/tuftingfreak.com\/index.php\/politica-privacidad\/\">Pol\u00edtica de Privacidad<\/a>.\n<\/p>\n\n<h2>Contenidos<\/h2>\n<p>\n\tEl Titular ha obtenido la informaci\u00f3n, el contenido multimedia y los materiales incluidos en el Sitio Web de fuentes que considera fiables, pero, si bien ha tomado todas las medidas razonables para asegurar que la informaci\u00f3n contenida es correcta, el Titular no garantiza que sea exacta, completa o actualizada. El Titular declina expresamente cualquier responsabilidad por error u omisi\u00f3n en la informaci\u00f3n contenida en las p\u00e1ginas del Sitio Web.\n<\/p>\n\n<p>\n\tQueda prohibido transmitir o enviar a trav\u00e9s del Sitio Web cualquier contenido ilegal o il\u00edcito, virus inform\u00e1ticos, o mensajes que, en general, afecten o violen derechos del Titular o de terceros.\n<\/p>\n\n<p>\n\tLos contenidos del Sitio Web tienen \u00fanicamente una finalidad informativa y bajo ninguna circunstancia deben usarse ni considerarse como oferta de venta, solicitud de una oferta de compra ni recomendaci\u00f3n para realizar cualquier otra operaci\u00f3n, salvo que as\u00ed se indique expresamente.\n<\/p>\n\n<p>\n\tEl Titular se reserva el derecho a modificar, suspender, cancelar o restringir el contenido del Sitio Web, los v\u00ednculos o la informaci\u00f3n obtenida a trav\u00e9s del Sitio Web, sin necesidad de previo aviso.\n<\/p>\n\n<p>\n\tEl Titular\u00a0no es responsable de los da\u00f1os y perjuicios que pudieran derivarse de la utilizaci\u00f3n de la informaci\u00f3n del Sitio Web o de la contenida en las redes sociales del Titular.\n<\/p>\n\n\n<h2>Pol\u00edtica de cookies<\/h2>\n<p>\n\tPuede consultar toda la informaci\u00f3n relativa a la pol\u00edtica de recogida y tratamiento de las cookies en la p\u00e1gina de  <a href=\"https:\/\/tuftingfreak.com\/index.php\/politica-de-cookies\/\">Pol\u00edtica de Cookies<\/a>.\n<\/p>\n\n\n<h2>Enlaces a otros sitios Web<\/h2>\n<p>\n\tEl Titular puede proporcionarle acceso a sitios Web de terceros mediante enlaces con la finalidad exclusiva de informar sobre la existencia de otras fuentes de informaci\u00f3n en Internet en las que podr\u00e1 ampliar los datos ofrecidos en el Sitio Web.\n<\/p>\n\n<p>\t\n\tEstos enlaces a otros sitios Web no suponen en ning\u00fan caso una sugerencia o recomendaci\u00f3n para que usted visite las p\u00e1ginas web de destino, que est\u00e1n fuera del control del Titular, por lo que el Titular no es responsable del contenido de los sitios web vinculados ni del resultado que obtenga al seguir los enlaces.\n\tAsimismo, el Titular no responde de los links o enlaces ubicados en los sitios web vinculados a los que le proporciona acceso.\n<\/p>\n\n<p>\n\tEl establecimiento del enlace no implica en ning\u00fan caso la existencia de relaciones entre el Titular y el propietario del sitio en el que se establezca el enlace, ni la aceptaci\u00f3n o aprobaci\u00f3n por parte del Titular de sus contenidos o servicios.\n<\/p>\n\n<p>\t\n\tSi accede a un sitio web externo desde un enlace que encuentre en el Sitio Web usted deber\u00e1 leer la propia pol\u00edtica de privacidad del otro sitio web que puede ser diferente de la de este sitio Web.\n<\/p>\n\n\n\n<h2>Propiedad intelectual e industrial<\/h2>\n<p>\n\tTodos los derechos est\u00e1n reservados.\n<\/p>\n<p>\n\tTodo acceso a este Sitio Web est\u00e1 sujeto a las siguientes condiciones: la reproducci\u00f3n, almacenaje permanente y la difusi\u00f3n de los contenidos o cualquier otro uso que tenga finalidad p\u00fablica o comercial queda expresamente prohibida sin el consentimiento previo expreso y por escrito del Titular.\n<\/p>\n\n\n<h2>Limitaci\u00f3n de responsabilidad<\/h2>\n<p>\n\tEl Titular declina cualquier responsabilidad en caso de que existan interrupciones o un mal funcionamiento de los Servicios o contenidos ofrecidos en Internet, cualquiera que sea su causa. Asimismo, el Titular no se hace responsable por ca\u00eddas de la red, p\u00e9rdidas de negocio a consecuencia de dichas ca\u00eddas, suspensiones temporales de fluido el\u00e9ctrico o cualquier otro tipo de da\u00f1o indirecto que te pueda ser causado por causas ajenas a el Titular.\n<\/p>\n<p>\n\tAntes de tomar decisiones y\/o acciones con base a la informaci\u00f3n incluida en el Sitio Web, el Titular le recomienda comprobar y contrastar la informaci\u00f3n recibida con otras fuentes.\n<\/p>\n\n\n\n<h2>Jurisdicci\u00f3n<\/h2>\n<p>\t\n\tEste Aviso Legal se rige \u00edntegramente por la legislaci\u00f3n espa\u00f1ola.\n<\/p>\n\n\n<h2>Contacto<\/h2>\n<p>\t\n\tEn caso de que usted tenga cualquier duda acerca de este Aviso Legal o quiera realizar cualquier comentario sobre el Sitio Web, puede enviar un mensaje de correo electr\u00f3nico a la direcci\u00f3n: Info@tuftingfreak.com\n<\/p>\n\n<p><strong><br>Identidad del responsable<\/strong><\/p>\n\n\n\n<p>\u00b7&nbsp;&nbsp;&nbsp;&nbsp;&nbsp;&nbsp;&nbsp;&nbsp;TuftingFreak&nbsp;TITULAR<\/p>\n\n\n\n<p>\u00b7&nbsp;&nbsp;&nbsp;&nbsp;&nbsp;&nbsp;&nbsp;&nbsp;NIF:50235721H&nbsp;<\/p>\n\n\n\n<p>\u00b7&nbsp;&nbsp;&nbsp;&nbsp;&nbsp;&nbsp;&nbsp;&nbsp;Domicilio: Marcelina 9B , 28029, Madrid , Espa\u00f1aN<\/p>\n\n\n\n<p>\u00b7&nbsp;&nbsp;&nbsp;&nbsp;&nbsp;&nbsp;&nbsp;&nbsp;Correo electr\u00f3nico:&nbsp;<a rel=\"noreferrer noopener\" href=\"mailto:info@tuftingfreak.com\" target=\"_blank\">info@tuftingfreak.com<\/a><\/p>\n\n\n\n<p>\u00b7&nbsp;&nbsp;&nbsp;&nbsp;&nbsp;&nbsp;&nbsp;&nbsp;&nbsp;Sitio Web:&nbsp;<a href=\"https:\/\/tuftingfreak.com\/\" target=\"_blank\" rel=\"noreferrer noopener\">tuftingfreak.com<\/a><\/p>\n\n\n\n<p>En la medida m\u00e1xima permitida por la ley aplicable, excluimos todas las representaciones, garant\u00edas y condiciones relacionadas con nuestro sitio web y el uso de este sitio web (incluyendo, sin limitaci\u00f3n, cualquier garant\u00eda impl\u00edcita por la ley con respecto a la calidad satisfactoria, idoneidad para el prop\u00f3sito y\/o el uso de cuidado y habilidad razonables).<\/p>\n\n\n\n<p>Nada en este aviso legal:<\/p>\n\n\n\n<ul class=\"wp-block-list\">\n<li>Limita o excluye nuestra o su responsabilidad por muerte o lesiones personales resultantes de negligencia.<\/li>\n\n\n\n<li>Limita o excluye nuestra o su responsabilidad por fraude o tergiversaci\u00f3n fraudulenta.<\/li>\n\n\n\n<li>Limita cualquiera de nuestras o sus responsabilidades de cualquier manera que no est\u00e9 permitida por la ley aplicable.<\/li>\n\n\n\n<li>Excluye cualquiera de nuestras o sus responsabilidades que no pueden ser excluidas bajo la ley aplicable.<\/li>\n<\/ul>\n\n\n\n<p>Las limitaciones y exclusiones de responsabilidad establecidas en esta Secci\u00f3n y en otras partes de este aviso legal:<\/p>\n\n\n\n<p>1.&nbsp;&nbsp;&nbsp;&nbsp;&nbsp;&nbsp;&nbsp;est\u00e1n sujetas al p\u00e1rrafo anterior.<\/p>\n\n\n\n<p>2.&nbsp;&nbsp;&nbsp;&nbsp;&nbsp;&nbsp;&nbsp;rigen todas las responsabilidades que surjan bajo la exenci\u00f3n de responsabilidad o en relaci\u00f3n con el objeto de esta exenci\u00f3n de responsabilidad, incluidas las responsabilidades que surjan en contrato, agravio (incluyendo negligencia) y por incumplimiento del deber legal.<\/p>\n\n\n\n<p>En la medida en que el sitio web y la informaci\u00f3n y los servicios en el sitio web se proporcionen de forma gratuita, no seremos responsables de ninguna p\u00e9rdida o da\u00f1o de ning\u00fan tipo<\/p>\n\n\n\n<p>Licencia:<\/p>\n\n\n\n<p>A menos que se indique lo contrario,&nbsp;<a href=\"https:\/\/tuftingfreak.com\/\" target=\"_blank\" rel=\"noreferrer noopener\">tuftingfreak.com<\/a>&nbsp;les pertenecen los derechos de propiedad intelectual de todo el material en&nbsp;<a href=\"https:\/\/tuftingfreak.com\/\" target=\"_blank\" rel=\"noreferrer noopener\">tuftingfreak.com<\/a>.<\/p>\n\n\n\n<p>Todos los derechos de propiedad intelectual est\u00e1n reservados. Puedes ver y\/o imprimir p\u00e1ginas desde (Agrega URL) para tu uso personal sujeto a las restricciones establecidas en estos t\u00e9rminos y condiciones.<\/p>\n\n\n\n<p>No debes:<\/p>\n\n\n\n<ul class=\"wp-block-list\">\n<li>Volver a publicar material desde&nbsp;<a href=\"https:\/\/tuftingfreak.com\/\" target=\"_blank\" rel=\"noreferrer noopener\">tuftingfreak.com<\/a>.<\/li>\n\n\n\n<li>Vender, alquilar u otorgar una sub-licencia de material desde&nbsp;<a href=\"https:\/\/tuftingfreak.com\/\" target=\"_blank\" rel=\"noreferrer noopener\">tuftingfreak.com<\/a>.<\/li>\n\n\n\n<li>Reproducir, duplicar o copiar material desde&nbsp;<a href=\"https:\/\/tuftingfreak.com\/\" target=\"_blank\" rel=\"noreferrer noopener\">tuftingfreak.com<\/a>.<\/li>\n\n\n\n<li>Redistribuir contenido de&nbsp;<a href=\"https:\/\/tuftingfreak.com\/\" target=\"_blank\" rel=\"noreferrer noopener\">tuftingfreak.com<\/a>, a menos de que el contenido se haga espec\u00edficamente para la redistribuci\u00f3n.<\/li>\n<\/ul>\n","protected":false},"excerpt":{"rendered":"<p>Identificaci\u00f3n y Titularidad En cumplimiento del art\u00edculo 10 de la Ley 34\/2002, de 11 de julio, de Servicios de la Sociedad de la Informaci\u00f3n y Comercio Electr\u00f3nico, el Titular expone sus datos identificativos: Titular:&nbsp; Tufting Freak. NIF:&nbsp;50235721H Domicilio:&nbsp; C\/Marcelina 9B, Madrid &#8211; Espa\u00f1a. Correo electr\u00f3nico:&nbsp; Info@tuftingfreak.com Tel\u00e9fono de contacto:&nbsp; 638891052 Sitio Web:&nbsp; https:\/\/tuftingfreak.com Finalidad La &hellip; <\/p>\n<p class=\"link-more\"><a href=\"https:\/\/tuftingfreak.com\/index.php\/aviso-legal\/\" class=\"more-link\">Leer m\u00e1s<span class=\"screen-reader-text\"> \u00abAviso Legal\u00bb<\/span><\/a><\/p>\n","protected":false},"author":1,"featured_media":0,"parent":0,"menu_order":0,"comment_status":"closed","ping_status":"closed","template":"","meta":{"inspiro_hide_title":false,"footnotes":""},"class_list":["post-1123","page","type-page","status-publish","hentry"],"yoast_head":"<!-- This site is optimized with the Yoast SEO plugin v27.4 - https:\/\/yoast.com\/product\/yoast-seo-wordpress\/ -->\n<title>Condiciones legales de tuftingfreak<\/title>\n<meta name=\"robots\" content=\"index, follow, max-snippet:-1, max-image-preview:large, max-video-preview:-1\" \/>\n<link rel=\"canonical\" href=\"https:\/\/tuftingfreak.com\/index.php\/aviso-legal\/\" \/>\n<meta property=\"og:locale\" content=\"es_ES\" \/>\n<meta property=\"og:type\" content=\"article\" \/>\n<meta property=\"og:title\" content=\"Condiciones legales de tuftingfreak\" \/>\n<meta property=\"og:description\" content=\"Identificaci\u00f3n y Titularidad En cumplimiento del art\u00edculo 10 de la Ley 34\/2002, de 11 de julio, de Servicios de la Sociedad de la Informaci\u00f3n y Comercio Electr\u00f3nico, el Titular expone sus datos identificativos: Titular:&nbsp; Tufting Freak. NIF:&nbsp;50235721H Domicilio:&nbsp; C\/Marcelina 9B, Madrid - Espa\u00f1a. Correo electr\u00f3nico:&nbsp; Info@tuftingfreak.com Tel\u00e9fono de contacto:&nbsp; 638891052 Sitio Web:&nbsp; https:\/\/tuftingfreak.com Finalidad La &hellip; Leer m\u00e1s \u00abAviso Legal\u00bb\" \/>\n<meta property=\"og:url\" content=\"https:\/\/tuftingfreak.com\/index.php\/aviso-legal\/\" \/>\n<meta property=\"og:site_name\" content=\"Tufting Freak\" \/>\n<meta property=\"article:publisher\" content=\"https:\/\/www.facebook.com\/tuftingfreak\" \/>\n<meta property=\"article:modified_time\" content=\"2023-06-01T20:15:23+00:00\" \/>\n<meta property=\"og:image\" content=\"https:\/\/tuftingfreak.com\/wp-content\/uploads\/2023\/10\/image1-3-e1707500083804.png\" \/>\n\t<meta property=\"og:image:width\" content=\"364\" \/>\n\t<meta property=\"og:image:height\" content=\"283\" \/>\n\t<meta property=\"og:image:type\" content=\"image\/png\" \/>\n<meta name=\"twitter:card\" content=\"summary_large_image\" \/>\n<meta name=\"twitter:site\" content=\"@TuftingFreak\" \/>\n<meta name=\"twitter:label1\" content=\"Tiempo de lectura\" \/>\n\t<meta name=\"twitter:data1\" content=\"2 minutos\" \/>\n<script type=\"application\/ld+json\" class=\"yoast-schema-graph\">{\"@context\":\"https:\\\/\\\/schema.org\",\"@graph\":[{\"@type\":\"WebPage\",\"@id\":\"https:\\\/\\\/tuftingfreak.com\\\/index.php\\\/aviso-legal\\\/\",\"url\":\"https:\\\/\\\/tuftingfreak.com\\\/index.php\\\/aviso-legal\\\/\",\"name\":\"Condiciones legales de tuftingfreak\",\"isPartOf\":{\"@id\":\"https:\\\/\\\/tuftingfreak.com\\\/#website\"},\"datePublished\":\"2023-06-01T11:53:20+00:00\",\"dateModified\":\"2023-06-01T20:15:23+00:00\",\"breadcrumb\":{\"@id\":\"https:\\\/\\\/tuftingfreak.com\\\/index.php\\\/aviso-legal\\\/#breadcrumb\"},\"inLanguage\":\"es\",\"potentialAction\":[{\"@type\":\"ReadAction\",\"target\":[\"https:\\\/\\\/tuftingfreak.com\\\/index.php\\\/aviso-legal\\\/\"]}]},{\"@type\":\"BreadcrumbList\",\"@id\":\"https:\\\/\\\/tuftingfreak.com\\\/index.php\\\/aviso-legal\\\/#breadcrumb\",\"itemListElement\":[{\"@type\":\"ListItem\",\"position\":1,\"name\":\"Portada\",\"item\":\"https:\\\/\\\/tuftingfreak.com\\\/\"},{\"@type\":\"ListItem\",\"position\":2,\"name\":\"Aviso Legal\"}]},{\"@type\":\"WebSite\",\"@id\":\"https:\\\/\\\/tuftingfreak.com\\\/#website\",\"url\":\"https:\\\/\\\/tuftingfreak.com\\\/\",\"name\":\"Tufting Freak\",\"description\":\"Personalizaci&oacute;n con tufting\",\"publisher\":{\"@id\":\"https:\\\/\\\/tuftingfreak.com\\\/#organization\"},\"alternateName\":\"Tufting Freak\",\"potentialAction\":[{\"@type\":\"SearchAction\",\"target\":{\"@type\":\"EntryPoint\",\"urlTemplate\":\"https:\\\/\\\/tuftingfreak.com\\\/?s={search_term_string}\"},\"query-input\":{\"@type\":\"PropertyValueSpecification\",\"valueRequired\":true,\"valueName\":\"search_term_string\"}}],\"inLanguage\":\"es\"},{\"@type\":\"Organization\",\"@id\":\"https:\\\/\\\/tuftingfreak.com\\\/#organization\",\"name\":\"Tufting Freak\",\"alternateName\":\"TuftingFreak\",\"url\":\"https:\\\/\\\/tuftingfreak.com\\\/\",\"logo\":{\"@type\":\"ImageObject\",\"inLanguage\":\"es\",\"@id\":\"https:\\\/\\\/tuftingfreak.com\\\/#\\\/schema\\\/logo\\\/image\\\/\",\"url\":\"https:\\\/\\\/tuftingfreak.com\\\/wp-content\\\/uploads\\\/2023\\\/10\\\/logo.png\",\"contentUrl\":\"https:\\\/\\\/tuftingfreak.com\\\/wp-content\\\/uploads\\\/2023\\\/10\\\/logo.png\",\"width\":284,\"height\":249,\"caption\":\"Tufting Freak\"},\"image\":{\"@id\":\"https:\\\/\\\/tuftingfreak.com\\\/#\\\/schema\\\/logo\\\/image\\\/\"},\"sameAs\":[\"https:\\\/\\\/www.facebook.com\\\/tuftingfreak\",\"https:\\\/\\\/x.com\\\/TuftingFreak\",\"https:\\\/\\\/www.instagram.com\\\/tuftingfreak?igsh=MWRtdjdxYTlxeHBpcw==\",\"https:\\\/\\\/www.tiktok.com\\\/@tuftingfreak?_t=8jkELbwt4ld&_r=1\",\"https:\\\/\\\/www.pinterest.es\\\/tuftingfreak\"]}]}<\/script>\n<!-- \/ Yoast SEO plugin. -->","yoast_head_json":{"title":"Condiciones legales de tuftingfreak","robots":{"index":"index","follow":"follow","max-snippet":"max-snippet:-1","max-image-preview":"max-image-preview:large","max-video-preview":"max-video-preview:-1"},"canonical":"https:\/\/tuftingfreak.com\/index.php\/aviso-legal\/","og_locale":"es_ES","og_type":"article","og_title":"Condiciones legales de tuftingfreak","og_description":"Identificaci\u00f3n y Titularidad En cumplimiento del art\u00edculo 10 de la Ley 34\/2002, de 11 de julio, de Servicios de la Sociedad de la Informaci\u00f3n y Comercio Electr\u00f3nico, el Titular expone sus datos identificativos: Titular:&nbsp; Tufting Freak. NIF:&nbsp;50235721H Domicilio:&nbsp; C\/Marcelina 9B, Madrid - Espa\u00f1a. Correo electr\u00f3nico:&nbsp; Info@tuftingfreak.com Tel\u00e9fono de contacto:&nbsp; 638891052 Sitio Web:&nbsp; https:\/\/tuftingfreak.com Finalidad La &hellip; Leer m\u00e1s \u00abAviso Legal\u00bb","og_url":"https:\/\/tuftingfreak.com\/index.php\/aviso-legal\/","og_site_name":"Tufting Freak","article_publisher":"https:\/\/www.facebook.com\/tuftingfreak","article_modified_time":"2023-06-01T20:15:23+00:00","og_image":[{"width":364,"height":283,"url":"https:\/\/tuftingfreak.com\/wp-content\/uploads\/2023\/10\/image1-3-e1707500083804.png","type":"image\/png"}],"twitter_card":"summary_large_image","twitter_site":"@TuftingFreak","twitter_misc":{"Tiempo de lectura":"2 minutos"},"schema":{"@context":"https:\/\/schema.org","@graph":[{"@type":"WebPage","@id":"https:\/\/tuftingfreak.com\/index.php\/aviso-legal\/","url":"https:\/\/tuftingfreak.com\/index.php\/aviso-legal\/","name":"Condiciones legales de tuftingfreak","isPartOf":{"@id":"https:\/\/tuftingfreak.com\/#website"},"datePublished":"2023-06-01T11:53:20+00:00","dateModified":"2023-06-01T20:15:23+00:00","breadcrumb":{"@id":"https:\/\/tuftingfreak.com\/index.php\/aviso-legal\/#breadcrumb"},"inLanguage":"es","potentialAction":[{"@type":"ReadAction","target":["https:\/\/tuftingfreak.com\/index.php\/aviso-legal\/"]}]},{"@type":"BreadcrumbList","@id":"https:\/\/tuftingfreak.com\/index.php\/aviso-legal\/#breadcrumb","itemListElement":[{"@type":"ListItem","position":1,"name":"Portada","item":"https:\/\/tuftingfreak.com\/"},{"@type":"ListItem","position":2,"name":"Aviso Legal"}]},{"@type":"WebSite","@id":"https:\/\/tuftingfreak.com\/#website","url":"https:\/\/tuftingfreak.com\/","name":"Tufting Freak","description":"Personalizaci&oacute;n con tufting","publisher":{"@id":"https:\/\/tuftingfreak.com\/#organization"},"alternateName":"Tufting Freak","potentialAction":[{"@type":"SearchAction","target":{"@type":"EntryPoint","urlTemplate":"https:\/\/tuftingfreak.com\/?s={search_term_string}"},"query-input":{"@type":"PropertyValueSpecification","valueRequired":true,"valueName":"search_term_string"}}],"inLanguage":"es"},{"@type":"Organization","@id":"https:\/\/tuftingfreak.com\/#organization","name":"Tufting Freak","alternateName":"TuftingFreak","url":"https:\/\/tuftingfreak.com\/","logo":{"@type":"ImageObject","inLanguage":"es","@id":"https:\/\/tuftingfreak.com\/#\/schema\/logo\/image\/","url":"https:\/\/tuftingfreak.com\/wp-content\/uploads\/2023\/10\/logo.png","contentUrl":"https:\/\/tuftingfreak.com\/wp-content\/uploads\/2023\/10\/logo.png","width":284,"height":249,"caption":"Tufting Freak"},"image":{"@id":"https:\/\/tuftingfreak.com\/#\/schema\/logo\/image\/"},"sameAs":["https:\/\/www.facebook.com\/tuftingfreak","https:\/\/x.com\/TuftingFreak","https:\/\/www.instagram.com\/tuftingfreak?igsh=MWRtdjdxYTlxeHBpcw==","https:\/\/www.tiktok.com\/@tuftingfreak?_t=8jkELbwt4ld&_r=1","https:\/\/www.pinterest.es\/tuftingfreak"]}]}},"jetpack_sharing_enabled":true,"_links":{"self":[{"href":"https:\/\/tuftingfreak.com\/index.php\/wp-json\/wp\/v2\/pages\/1123","targetHints":{"allow":["GET"]}}],"collection":[{"href":"https:\/\/tuftingfreak.com\/index.php\/wp-json\/wp\/v2\/pages"}],"about":[{"href":"https:\/\/tuftingfreak.com\/index.php\/wp-json\/wp\/v2\/types\/page"}],"author":[{"embeddable":true,"href":"https:\/\/tuftingfreak.com\/index.php\/wp-json\/wp\/v2\/users\/1"}],"replies":[{"embeddable":true,"href":"https:\/\/tuftingfreak.com\/index.php\/wp-json\/wp\/v2\/comments?post=1123"}],"version-history":[{"count":3,"href":"https:\/\/tuftingfreak.com\/index.php\/wp-json\/wp\/v2\/pages\/1123\/revisions"}],"predecessor-version":[{"id":1157,"href":"https:\/\/tuftingfreak.com\/index.php\/wp-json\/wp\/v2\/pages\/1123\/revisions\/1157"}],"wp:attachment":[{"href":"https:\/\/tuftingfreak.com\/index.php\/wp-json\/wp\/v2\/media?parent=1123"}],"curies":[{"name":"wp","href":"https:\/\/api.w.org\/{rel}","templated":true}]}}